{"id":51,"date":"2025-08-27T20:05:43","date_gmt":"2025-08-27T20:05:43","guid":{"rendered":"https:\/\/www.drecords.de\/service\/"},"modified":"2025-10-17T12:24:42","modified_gmt":"2025-10-17T12:24:42","slug":"service","status":"publish","type":"page","link":"https:\/\/www.drecords.de\/?page_id=51","title":{"rendered":"Service"},"content":{"rendered":"\n\n\n<h5>Verwirklichen Sie Ihre Tr\u00e4ume mit uns<\/h5>\n<h3>Wir haben alles, was Sie brauchen!<\/h3>\n\n\n\n\n<p>Lorem Ipsum has been the industry&#8217;s standard dummy text ever since the 1500s.<\/p>\n\n\n<h4>Weltweit eine Liste von:<br><\/h4><h4>\u2013 \u00dcBER 68.000 Radiosender<\/h4><h4>(\u201eAlle\u201c in den Niederlanden, Belgien<\/h4><h4>\u201eViele\u201c in Deutschland, \u00d6sterreich und Frankreich)<\/h4><h4>&#8211; \u00dcBER 1,000 TV-Sender<\/h4><h4>&#8211; \u00dcBER 250 Rundfunkunternehmen, die Radiosender und Podcasts anbieten<br><\/h4><h4>\u2013 \u00dcber 250 Musikcomputer-Verleihdienste<\/h4><h4>f\u00fcr Unternehmen &amp; Hotels, Bars, Clubs, Diskotheken usw.<\/h4><h4>\u2013 \u00dcber 250 der gr\u00f6\u00dften Medienh\u00e4user (wie:<\/h4><h4>Nachrichten, Shownews, Zeitungen, Zeitungen,<\/h4><h4>Zeitungen, Boulevardzeitungen usw.)<\/h4><h4>\u2013 Mehrere Festivals<\/h4><h4>\u2013 \u00dcber 3.000 Bars, Clubs, Diskotheken und andere<\/h4><h4>Locations f\u00fcr m\u00f6gliche Auftritte*<\/h4><h4>\u2013 Und viele weitere Kontakte!<\/h4>\n\n\n\n\n<h5>Unsere Leistungen<\/h5>\n<h3>Was immer Sie brauchen<\/h3>\n\n\n\n\n<h5 [object=\"\" namednodemap]=\"\">Wir senden Ihre Musik an <br>\u00fcber 68.000 Radiosender weltweit! <br>So ist es m\u00f6glich, <br>eine Interviewanfrage zu erhalten!<\/h5>\n\n\n<h5>Wir erstellen Ihr CD-Cover,<br>K\u00fcnstlerprofil, K\u00fcnstlerposter usw.<em><br>Falls Sie es nicht selbst k\u00f6nnen.<\/em><\/h5>\n\n\n<h5>S-Publishing k\u00fcmmert sich um die Rechte und versucht, Ihre Musik vor Urheberrechtskopien zu sch\u00fctzen.Wir entfernen s\u00e4mtliche Musik,die gegen Urheberrechte verst\u00f6\u00dft.<\/h5>\n\n\n\n\n<h5>Wir bieten auch die M\u00f6glichkeit, Ihre Buchungen, Ihr Management und Ihre Shows zu verwalten!<\/h5>\n\n\n<h5>Du kannst deinen Song in jedem beliebigen Studio aufnehmen oder in deinem eigenen.Du hast keins? Wir stellen es dir zur Verf\u00fcgung!<\/h5>\n\n\n<h5>Im Studio k\u00f6nnen Sie Ihre Single von Grund auf neu produzieren oder, wenn Sie Ihre eigenen Texte schreiben &#8230; Noch besser!<\/h5>\n\n\n\n\n<h5>Nachricht<\/h5>\n<h3>Aktuelle Neuigkeiten, <br>Fakten oder Ver\u00f6ffentlichungen<\/h3>\n\n\n\n\n<ul class=\"wp-block-latest-posts__list wp-block-latest-posts\"><li><a class=\"wp-block-latest-posts__post-title\" href=\"https:\/\/www.drecords.de\/?p=1\">D-Records<\/a><\/li>\n<\/ul>\n\n\n\n\n<p class=\"has-text-align-center has-vivid-red-color has-text-color has-link-color wp-elements-c676c1064a80d09e7412c1bf9a883b9b\"><strong>We Can Still Produce Vinyl, Cassettes &amp; CD&#8217;s, But<\/strong><\/p>\n\n<h2 class=\"wp-block-heading has-text-align-center\">Music Evolves, <em>We Do This Too!<\/em><\/h2>\n\n<div class=\"wp-block-columns is-layout-flex wp-container-core-columns-is-layout-9d6595d7 wp-block-columns-is-layout-flex\">\n<div class=\"wp-block-column is-layout-flow wp-block-column-is-layout-flow\">\n<div class=\"wp-block-columns is-layout-flex wp-container-core-columns-is-layout-9d6595d7 wp-block-columns-is-layout-flex\">\n<div class=\"wp-block-column is-layout-flow wp-block-column-is-layout-flow\">\n<h3 class=\"wp-block-heading has-text-align-center\">EP&#8217;s &amp; LP&#8217;s<\/h3>\n\n\n<div class=\"wp-block-image\">\n<figure class=\"aligncenter size-full\"><img fetchpriority=\"high\" decoding=\"async\" width=\"500\" height=\"500\" src=\"https:\/\/www.drecords.de\/wp-content\/uploads\/LP.jpg\" alt=\"\" class=\"wp-image-175\" srcset=\"https:\/\/www.drecords.de\/wp-content\/uploads\/LP.jpg 500w, https:\/\/www.drecords.de\/wp-content\/uploads\/LP-150x150.jpg 150w\" sizes=\"(max-width: 500px) 100vw, 500px\" \/><\/figure>\n<\/div><\/div>\n\n\n\n<div class=\"wp-block-column is-layout-flow wp-block-column-is-layout-flow\">\n<h3 class=\"wp-block-heading has-text-align-center\">Cassettes<\/h3>\n\n\n<div class=\"wp-block-image\">\n<figure class=\"aligncenter size-full\"><img decoding=\"async\" width=\"500\" height=\"500\" src=\"https:\/\/www.drecords.de\/wp-content\/uploads\/cassete.jpg\" alt=\"\" class=\"wp-image-176\" srcset=\"https:\/\/www.drecords.de\/wp-content\/uploads\/cassete.jpg 500w, https:\/\/www.drecords.de\/wp-content\/uploads\/cassete-150x150.jpg 150w\" sizes=\"(max-width: 500px) 100vw, 500px\" \/><\/figure>\n<\/div><\/div>\n<\/div>\n<\/div>\n\n\n\n<div class=\"wp-block-column is-layout-flow wp-block-column-is-layout-flow\">\n<div class=\"wp-block-columns is-layout-flex wp-container-core-columns-is-layout-9d6595d7 wp-block-columns-is-layout-flex\">\n<div class=\"wp-block-column is-layout-flow wp-block-column-is-layout-flow\">\n<h3 class=\"wp-block-heading has-text-align-center\">CD&#8217;s<\/h3>\n\n\n\n<figure class=\"wp-block-image size-full\"><img decoding=\"async\" width=\"500\" height=\"500\" src=\"https:\/\/www.drecords.de\/wp-content\/uploads\/cd-jewelcase4.jpg\" alt=\"\" class=\"wp-image-177\" srcset=\"https:\/\/www.drecords.de\/wp-content\/uploads\/cd-jewelcase4.jpg 500w, https:\/\/www.drecords.de\/wp-content\/uploads\/cd-jewelcase4-150x150.jpg 150w\" sizes=\"(max-width: 500px) 100vw, 500px\" \/><\/figure>\n<\/div>\n\n\n\n<div class=\"wp-block-column is-layout-flow wp-block-column-is-layout-flow\">\n<h3 class=\"wp-block-heading has-text-align-center\">Digital<\/h3>\n\n\n\n<figure class=\"wp-block-image size-full\"><img loading=\"lazy\" decoding=\"async\" width=\"500\" height=\"500\" src=\"https:\/\/www.drecords.de\/wp-content\/uploads\/digital-music-icon-1.jpg\" alt=\"\" class=\"wp-image-179\" srcset=\"https:\/\/www.drecords.de\/wp-content\/uploads\/digital-music-icon-1.jpg 500w, https:\/\/www.drecords.de\/wp-content\/uploads\/digital-music-icon-1-150x150.jpg 150w\" sizes=\"(max-width: 500px) 100vw, 500px\" \/><\/figure>\n<\/div>\n<\/div>\n<\/div>\n<\/div>\n\n\n\n<p><\/p>\n","protected":false},"excerpt":{"rendered":"","protected":false},"author":1,"featured_media":0,"parent":0,"menu_order":0,"comment_status":"closed","ping_status":"closed","template":"","meta":{"pagelayer_contact_templates":[],"_pagelayer_content":"","footnotes":""},"class_list":["post-51","page","type-page","status-publish","hentry"],"_links":{"self":[{"href":"https:\/\/www.drecords.de\/index.php?rest_route=\/wp\/v2\/pages\/51","targetHints":{"allow":["GET"]}}],"collection":[{"href":"https:\/\/www.drecords.de\/index.php?rest_route=\/wp\/v2\/pages"}],"about":[{"href":"https:\/\/www.drecords.de\/index.php?rest_route=\/wp\/v2\/types\/page"}],"author":[{"embeddable":true,"href":"https:\/\/www.drecords.de\/index.php?rest_route=\/wp\/v2\/users\/1"}],"replies":[{"embeddable":true,"href":"https:\/\/www.drecords.de\/index.php?rest_route=%2Fwp%2Fv2%2Fcomments&post=51"}],"version-history":[{"count":8,"href":"https:\/\/www.drecords.de\/index.php?rest_route=\/wp\/v2\/pages\/51\/revisions"}],"predecessor-version":[{"id":252,"href":"https:\/\/www.drecords.de\/index.php?rest_route=\/wp\/v2\/pages\/51\/revisions\/252"}],"wp:attachment":[{"href":"https:\/\/www.drecords.de\/index.php?rest_route=%2Fwp%2Fv2%2Fmedia&parent=51"}],"curies":[{"name":"wp","href":"https:\/\/api.w.org\/{rel}","templated":true}]}}