{"id":52,"date":"2025-08-27T20:05:43","date_gmt":"2025-08-27T20:05:43","guid":{"rendered":"https:\/\/www.drecords.de\/home-2\/"},"modified":"2025-10-21T07:52:02","modified_gmt":"2025-10-21T07:52:02","slug":"home-2","status":"publish","type":"page","link":"https:\/\/www.drecords.de\/","title":{"rendered":"Home"},"content":{"rendered":"\n<h1 class=\"wp-block-heading\">HOME<\/h1>\n\n\n\n<p><\/p>\n\n\n<div class=\"wp-block-image\">\n<figure class=\"aligncenter size-full\"><img fetchpriority=\"high\" decoding=\"async\" width=\"851\" height=\"315\" src=\"https:\/\/www.drecords.de\/wp-content\/uploads\/D-Records-Banner-min.jpg\" alt=\"\" class=\"wp-image-279\" srcset=\"https:\/\/www.drecords.de\/wp-content\/uploads\/D-Records-Banner-min.jpg 851w, https:\/\/www.drecords.de\/wp-content\/uploads\/D-Records-Banner-min-600x222.jpg 600w, https:\/\/www.drecords.de\/wp-content\/uploads\/D-Records-Banner-min-768x284.jpg 768w\" sizes=\"(max-width: 851px) 100vw, 851px\" \/><\/figure>\n<\/div>\n\n\n<p><\/p>\n\n\n\n<p class=\"has-text-align-center\"><strong>Zum Beispiel die Musik unserer 3 Topper<em> (unsere am h\u00e4ufigsten im Radio gespielten K\u00fcnstler)<\/em><\/strong><\/p>\n\n\n\n\n\n\n\n<p>Lorem Ipsum has been the industry&#8217;s standard dummy text ever since the 1500s.<\/p>\n\n\n\n\n\n<h5>Genie\u00dfen Sie Ihren Aufenthalt<\/h5>\n\n\n\n<h3>\n<\/h3><h3>Erleben Sie die Legenden<\/h3>\n\n\n\nCountry Pop\n\n\n\nRemembrance song <em>(Funeral)<\/em>\n\n\n\nPop <em>(Feat. Patricia S.)<\/em>\n\n\n\nDutch Pop <em>(Feat. Patricia S.)<\/em>\n\n\n\nDutch Pop\n\n\n\nDutch Country Pop\n\n\n\nDutch Country Pop\n\n\n\nDutch Pop <em>(Feat. Patricia S.)<\/em>\n\n\n\nDutch Pop\n\n\n\nPop\n\n\n\n\n\n\n\n<p>Lorem Ipsum has been the industry&#8217;s standard dummy text ever since the 1500s.<\/p>\n\n\n\n\n\n<h5>Genie\u00dfen Sie Ihren Aufenthalt<\/h5>\n\n\n\n<h3>Erleben Sie die Legenden<\/h3>\n\n\n\nDance \/ House \/ Trance\n\n\n\nDance \/ House \/ Trance\n\n\n\nDance \/ House \/ Trance <em><sup>(Several Versions)<\/sup><\/em>\n\n\n\nDance \/ House \/ Trance\n\n\n\nDance \/ House \/ Trance\n\n\n\nDance \/ House \/ Trance\n\n\n\nDance \/ House \/ Trance\n\n\n\nDance \/ House \/ Trance\n\n\n\nDance \/ House \/ Trance\n\n\n\n\n\n\n\n<p>Lorem Ipsum has been the industry&#8217;s standard dummy text ever since the 1500s.<\/p>\n\n\n\n\n\n<h5>Genie\u00dfen Sie Ihren Aufenthalt<\/h5>\n\n\n\n<h3>Erleben Sie die Legenden<\/h3>\n\n\n\nDance \/ House \/ Trance\n\n\n\nDance \/ House \/ Trance \/ Pop\n\n\n\nDance \/ House \/ Trance <em><sup>(Several Versions)<\/sup><\/em>\n\n\n\n\n\n\n\n<h2 class=\"wp-block-heading has-text-align-center\">Unsere Statistiken<\/h2>\n\n\n\n<div class=\"wp-block-columns is-layout-flex wp-container-core-columns-is-layout-9d6595d7 wp-block-columns-is-layout-flex\">\n<div class=\"wp-block-column has-background is-layout-flow wp-block-column-is-layout-flow\" style=\"background:linear-gradient(160deg,rgba(252,185,0,1) 0%,rgba(255,105,0,1) 100%)\">\n<div class=\"wp-block-columns is-layout-flex wp-container-core-columns-is-layout-9d6595d7 wp-block-columns-is-layout-flex\">\n<div class=\"wp-block-column is-layout-flow wp-block-column-is-layout-flow\"><\/div>\n\n\n\n<div class=\"wp-block-column is-layout-flow wp-block-column-is-layout-flow\"><\/div>\n\n\n\n<div class=\"wp-block-column is-layout-flow wp-block-column-is-layout-flow\"><\/div>\n<\/div>\n<\/div>\n<\/div>\n\n\n\n<p><\/p>\n\n\n\n\n\n\n\n<h5>Unsere Leistungen<\/h5>\n\n\n\n<h3>ALLES, UM IHNEN ZU HELFEN<\/h3>\n\n\n\n\n\n\n\n<h5>Wir senden Ihre Musik an <br>\u00fcber 68.000 Radiosender weltweit, <br>und vielleicht bitten sie Sie um <br>ein Interview. <\/h5>\n\n\n\n\n\n<h5>Wir gestalten Ihr CD-COVERF\u00fcr den physischen oder digitalen GebrauchSie k\u00f6nnen es auch selbst gestaltenoder es von jemand anderem gestalten lassen.<\/h5>\n\n\n\n\n\n<h5>Wir registrieren Ihre SongsDamit Ihre Urheberrechte gesch\u00fctzt sindSollte jemand Ihr Urheberrecht verletzen, k\u00f6nnen wir die Sperrung veranlassen und Sie strafrechtlich verfolgen.<\/h5>\n\n\n\n\n\n\n\n<h5>Wir k\u00f6nnen auch Ihre Buchungen arrangieren und\/oder verwalten.<br>Wir unterst\u00fctzen Sie bei Auftrittenund Konzerten usw.<\/h5>\n\n\n\n\n\n<h5>Sie k\u00f6nnen frei w\u00e4hlen, wo Sie Ihre Musik aufnehmen m\u00f6chten.Wir haben aber auch Vereinbarungen mit einigen Aufnahmestudios.<\/h5>\n\n\n\n\n\n<h5>Wir erstellen KOSTENLOSE Smart-Links f\u00fcr Sie! Mit Direkt-Buttons <br>zum Abspielen oder Downloaden <br>und Direktlinks zu den DSP-Seiten<\/h5>\n\n\n\n\n\n\n\n<h5>Wir k\u00f6nnen immer noch Vinyl, Kassetten und CDs produzieren, aber<\/h5>\n\n\n\n<h3>Musik bewertet, wir auch!<\/h3>\n\n\n\n<div class=\"wp-block-columns is-layout-flex wp-container-core-columns-is-layout-9d6595d7 wp-block-columns-is-layout-flex\">\n<div class=\"wp-block-column is-layout-flow wp-block-column-is-layout-flow\">\n<div class=\"wp-block-columns is-layout-flex wp-container-core-columns-is-layout-9d6595d7 wp-block-columns-is-layout-flex\">\n<div class=\"wp-block-column is-layout-flow wp-block-column-is-layout-flow\">\n<div class=\"wp-block-columns is-layout-flex wp-container-core-columns-is-layout-9d6595d7 wp-block-columns-is-layout-flex\">\n<div class=\"wp-block-column is-layout-flow wp-block-column-is-layout-flow\">\n<figure class=\"wp-block-image size-full\"><img decoding=\"async\" width=\"500\" height=\"500\" src=\"https:\/\/www.drecords.de\/wp-content\/uploads\/LP.jpg\" alt=\"\" class=\"wp-image-175\" srcset=\"https:\/\/www.drecords.de\/wp-content\/uploads\/LP.jpg 500w, https:\/\/www.drecords.de\/wp-content\/uploads\/LP-150x150.jpg 150w\" sizes=\"(max-width: 500px) 100vw, 500px\" \/><\/figure>\n\n\n\n<p class=\"has-text-align-center\"><strong> From EP\/LP<\/strong><\/p>\n<\/div>\n\n\n\n<div class=\"wp-block-column is-layout-flow wp-block-column-is-layout-flow\">\n<figure class=\"wp-block-image size-full\"><img decoding=\"async\" width=\"500\" height=\"500\" src=\"https:\/\/www.drecords.de\/wp-content\/uploads\/cassete.jpg\" alt=\"\" class=\"wp-image-176\" srcset=\"https:\/\/www.drecords.de\/wp-content\/uploads\/cassete.jpg 500w, https:\/\/www.drecords.de\/wp-content\/uploads\/cassete-150x150.jpg 150w\" sizes=\"(max-width: 500px) 100vw, 500px\" \/><\/figure>\n\n\n\n<p class=\"has-text-align-center\"><strong>To Cassette Tapes<\/strong><\/p>\n<\/div>\n<\/div>\n<\/div>\n\n\n\n<div class=\"wp-block-column is-layout-flow wp-block-column-is-layout-flow\">\n<div class=\"wp-block-columns is-layout-flex wp-container-core-columns-is-layout-9d6595d7 wp-block-columns-is-layout-flex\">\n<div class=\"wp-block-column is-layout-flow wp-block-column-is-layout-flow\">\n<figure class=\"wp-block-image size-full\"><img loading=\"lazy\" decoding=\"async\" width=\"500\" height=\"500\" src=\"https:\/\/www.drecords.de\/wp-content\/uploads\/cd-jewelcase4.jpg\" alt=\"\" class=\"wp-image-177\" srcset=\"https:\/\/www.drecords.de\/wp-content\/uploads\/cd-jewelcase4.jpg 500w, https:\/\/www.drecords.de\/wp-content\/uploads\/cd-jewelcase4-150x150.jpg 150w\" sizes=\"(max-width: 500px) 100vw, 500px\" \/><\/figure>\n\n\n\n<p class=\"has-text-align-center\"><strong>To Compact Discs (CD)<\/strong><\/p>\n<\/div>\n\n\n\n<div class=\"wp-block-column is-layout-flow wp-block-column-is-layout-flow\">\n<figure class=\"wp-block-image size-full\"><img loading=\"lazy\" decoding=\"async\" width=\"500\" height=\"500\" src=\"https:\/\/www.drecords.de\/wp-content\/uploads\/digital-music-icon-1.jpg\" alt=\"\" class=\"wp-image-179\" srcset=\"https:\/\/www.drecords.de\/wp-content\/uploads\/digital-music-icon-1.jpg 500w, https:\/\/www.drecords.de\/wp-content\/uploads\/digital-music-icon-1-150x150.jpg 150w\" sizes=\"(max-width: 500px) 100vw, 500px\" \/><\/figure>\n\n\n\n<p class=\"has-text-align-center\"><strong>To Digital Music<\/strong><\/p>\n<\/div>\n<\/div>\n<\/div>\n<\/div>\n<\/div>\n<\/div>\n\n\n\n\n\n\n\n<h3>Abonnieren Sie die neuesten Updates!<\/h3><h3>Zu unserem Newsletter<\/h3>\n\n\n\n\n\n<div class=\"wp-block-contact-form-7-contact-form-selector\">\n<div class=\"wpcf7 no-js\" id=\"wpcf7-f205-o1\" lang=\"en-US\" dir=\"ltr\" data-wpcf7-id=\"205\">\n<div class=\"screen-reader-response\"><p role=\"status\" aria-live=\"polite\" aria-atomic=\"true\"><\/p> <ul><\/ul><\/div>\n<form action=\"\/index.php?rest_route=%2Fwp%2Fv2%2Fpages%2F52#wpcf7-f205-o1\" method=\"post\" class=\"wpcf7-form init\" aria-label=\"Contact form\" novalidate=\"novalidate\" data-status=\"init\">\n<fieldset class=\"hidden-fields-container\"><input type=\"hidden\" name=\"_wpcf7\" value=\"205\" \/><input type=\"hidden\" name=\"_wpcf7_version\" value=\"6.1.5\" \/><input type=\"hidden\" name=\"_wpcf7_locale\" value=\"en_US\" \/><input type=\"hidden\" name=\"_wpcf7_unit_tag\" value=\"wpcf7-f205-o1\" \/><input type=\"hidden\" name=\"_wpcf7_container_post\" value=\"0\" \/><input type=\"hidden\" name=\"_wpcf7_posted_data_hash\" value=\"\" \/><input type=\"hidden\" name=\"_wpcf7_recaptcha_response\" value=\"\" \/>\n<\/fieldset>\n<p><label> Your Name:*<br \/>\n<span class=\"wpcf7-form-control-wrap\" data-name=\"your-name\"><input size=\"40\" maxlength=\"400\" class=\"wpcf7-form-control wpcf7-text wpcf7-validates-as-required\" autocomplete=\"name\" aria-required=\"true\" aria-invalid=\"false\" value=\"\" type=\"text\" name=\"your-name\" \/><\/span> <\/label>\n<\/p>\n<p><label> Your email<br \/>\n<span class=\"wpcf7-form-control-wrap\" data-name=\"your-email\"><input size=\"40\" maxlength=\"400\" class=\"wpcf7-form-control wpcf7-email wpcf7-validates-as-required wpcf7-text wpcf7-validates-as-email\" autocomplete=\"email\" aria-required=\"true\" aria-invalid=\"false\" value=\"\" type=\"email\" name=\"your-email\" \/><\/span> <\/label>\n<\/p>\n<p><label> Subject<br \/>\n<span class=\"wpcf7-form-control-wrap\" data-name=\"your-subject\"><input size=\"40\" maxlength=\"400\" class=\"wpcf7-form-control wpcf7-text wpcf7-validates-as-required\" aria-required=\"true\" aria-invalid=\"false\" value=\"Newsletter\" type=\"text\" name=\"your-subject\" \/><\/span> <\/label>\n<\/p>\n<p><input class=\"wpcf7-form-control wpcf7-submit has-spinner\" type=\"submit\" value=\"SUBSCRIBE\" \/>\n<\/p><p style=\"display: none !important;\" class=\"akismet-fields-container\" data-prefix=\"_wpcf7_ak_\"><label>&#916;<textarea name=\"_wpcf7_ak_hp_textarea\" cols=\"45\" rows=\"8\" maxlength=\"100\"><\/textarea><\/label><input type=\"hidden\" id=\"ak_js_1\" name=\"_wpcf7_ak_js\" value=\"192\"\/><script>document.getElementById( \"ak_js_1\" ).setAttribute( \"value\", ( new Date() ).getTime() );<\/script><\/p><div class=\"wpcf7-response-output\" aria-hidden=\"true\"><\/div>\n<\/form>\n<\/div>\n<\/div>\n\n\n\n\n\n<p><\/p>\n","protected":false},"excerpt":{"rendered":"<p>HOME Zum Beispiel die Musik unserer 3 Topper (unsere am h\u00e4ufigsten im Radio gespielten K\u00fcnstler) Unsere Statistiken<\/p>\n","protected":false},"author":1,"featured_media":0,"parent":0,"menu_order":0,"comment_status":"closed","ping_status":"closed","template":"","meta":{"pagelayer_contact_templates":[],"_pagelayer_content":"","footnotes":""},"class_list":["post-52","page","type-page","status-publish","hentry"],"_links":{"self":[{"href":"https:\/\/www.drecords.de\/index.php?rest_route=\/wp\/v2\/pages\/52","targetHints":{"allow":["GET"]}}],"collection":[{"href":"https:\/\/www.drecords.de\/index.php?rest_route=\/wp\/v2\/pages"}],"about":[{"href":"https:\/\/www.drecords.de\/index.php?rest_route=\/wp\/v2\/types\/page"}],"author":[{"embeddable":true,"href":"https:\/\/www.drecords.de\/index.php?rest_route=\/wp\/v2\/users\/1"}],"replies":[{"embeddable":true,"href":"https:\/\/www.drecords.de\/index.php?rest_route=%2Fwp%2Fv2%2Fcomments&post=52"}],"version-history":[{"count":14,"href":"https:\/\/www.drecords.de\/index.php?rest_route=\/wp\/v2\/pages\/52\/revisions"}],"predecessor-version":[{"id":286,"href":"https:\/\/www.drecords.de\/index.php?rest_route=\/wp\/v2\/pages\/52\/revisions\/286"}],"wp:attachment":[{"href":"https:\/\/www.drecords.de\/index.php?rest_route=%2Fwp%2Fv2%2Fmedia&parent=52"}],"curies":[{"name":"wp","href":"https:\/\/api.w.org\/{rel}","templated":true}]}}