{"id":54,"date":"2025-08-27T20:05:43","date_gmt":"2025-08-27T20:05:43","guid":{"rendered":"https:\/\/www.drecords.de\/about\/"},"modified":"2025-10-17T13:26:04","modified_gmt":"2025-10-17T13:26:04","slug":"our-labels-2","status":"publish","type":"page","link":"https:\/\/www.drecords.de\/?page_id=54","title":{"rendered":"ALLE UNSERE EIGENEN 9 PLATTENLABELS"},"content":{"rendered":"\n\n\n\n\n<h5>Gro\u00dfartige Vision<\/h5>\n\n\n\n<h3>Wir erstellen und ver\u00f6ffentlichen Musik.<\/h3>\n\n\n\n<h4>Unsere eigene Musik, aber auch IHRE MUSIK!<\/h4>\n\n\n\n\n\n\n\n\n\n\n\n\n\n\n\n<p>Lorem Ipsum has been the industry&#8217;s standard dummy text ever since the 1500s.<\/p>\n\n\n\n<p>Lorem Ipsum has been the industry&#8217;s standard dummy text ever since the 1500s.<\/p>\n\n\n\n\n\n\n\n<h5>Unser Projekt<\/h5>\n\n\n\n<h3>Was macht dich gl\u00fccklich<br><\/h3>\n\n\n\n\n\n\n\n\n\n\n\n<div class=\"wp-block-columns is-layout-flex wp-container-core-columns-is-layout-9d6595d7 wp-block-columns-is-layout-flex\">\n<div class=\"wp-block-column is-layout-flow wp-block-column-is-layout-flow\" style=\"flex-basis:25%\">\n<p><\/p>\n<\/div>\n\n\n\n<div class=\"wp-block-column is-layout-flow wp-block-column-is-layout-flow\" style=\"flex-basis:50%\">\n<h2 class=\"wp-block-heading\">ALLE UNSERE EIGENEN <br>9 PLATTENFIRMEN<\/h2>\n\n\n\n<div class=\"wp-block-columns is-layout-flex wp-container-core-columns-is-layout-9d6595d7 wp-block-columns-is-layout-flex\">\n<div class=\"wp-block-column is-layout-flow wp-block-column-is-layout-flow\">\n<figure class=\"wp-block-image size-full\"><img fetchpriority=\"high\" decoding=\"async\" width=\"1400\" height=\"1400\" src=\"https:\/\/www.drecords.de\/wp-content\/uploads\/s-records-new2.jpg\" alt=\"\" class=\"wp-image-152\" srcset=\"https:\/\/www.drecords.de\/wp-content\/uploads\/s-records-new2.jpg 1400w, https:\/\/www.drecords.de\/wp-content\/uploads\/s-records-new2-600x600.jpg 600w, https:\/\/www.drecords.de\/wp-content\/uploads\/s-records-new2-150x150.jpg 150w, https:\/\/www.drecords.de\/wp-content\/uploads\/s-records-new2-768x768.jpg 768w\" sizes=\"(max-width: 1400px) 100vw, 1400px\" \/><\/figure>\n\n\n\n<p class=\"has-text-align-center\">Alle Musik Genres<\/p>\n<\/div>\n\n\n\n<div class=\"wp-block-column is-layout-flow wp-block-column-is-layout-flow\">\n<figure class=\"wp-block-image size-full\"><img decoding=\"async\" width=\"1400\" height=\"1400\" src=\"https:\/\/www.drecords.de\/wp-content\/uploads\/s-rock-records-new2-zonder-gitaar-donkerrood.jpg\" alt=\"\" class=\"wp-image-153\" srcset=\"https:\/\/www.drecords.de\/wp-content\/uploads\/s-rock-records-new2-zonder-gitaar-donkerrood.jpg 1400w, https:\/\/www.drecords.de\/wp-content\/uploads\/s-rock-records-new2-zonder-gitaar-donkerrood-600x600.jpg 600w, https:\/\/www.drecords.de\/wp-content\/uploads\/s-rock-records-new2-zonder-gitaar-donkerrood-150x150.jpg 150w, https:\/\/www.drecords.de\/wp-content\/uploads\/s-rock-records-new2-zonder-gitaar-donkerrood-768x768.jpg 768w\" sizes=\"(max-width: 1400px) 100vw, 1400px\" \/><\/figure>\n\n\n\n<p class=\"has-text-align-center\">Alle Stile Der Rock Musik<\/p>\n<\/div>\n<\/div>\n\n\n\n<div class=\"wp-block-columns is-layout-flex wp-container-core-columns-is-layout-9d6595d7 wp-block-columns-is-layout-flex\">\n<div class=\"wp-block-column is-layout-flow wp-block-column-is-layout-flow\">\n<figure class=\"wp-block-image size-full\"><img decoding=\"async\" width=\"1400\" height=\"1400\" src=\"https:\/\/www.drecords.de\/wp-content\/uploads\/S-Urban-Records-Logo-min.jpg\" alt=\"\" class=\"wp-image-154\" srcset=\"https:\/\/www.drecords.de\/wp-content\/uploads\/S-Urban-Records-Logo-min.jpg 1400w, https:\/\/www.drecords.de\/wp-content\/uploads\/S-Urban-Records-Logo-min-600x600.jpg 600w, https:\/\/www.drecords.de\/wp-content\/uploads\/S-Urban-Records-Logo-min-150x150.jpg 150w, https:\/\/www.drecords.de\/wp-content\/uploads\/S-Urban-Records-Logo-min-768x768.jpg 768w\" sizes=\"(max-width: 1400px) 100vw, 1400px\" \/><\/figure>\n\n\n\n<p class=\"has-text-align-center\">Alle Stile D&#8217;r Urban Musik<\/p>\n<\/div>\n\n\n\n<div class=\"wp-block-column is-layout-flow wp-block-column-is-layout-flow\">\n<figure class=\"wp-block-image size-full\"><img loading=\"lazy\" decoding=\"async\" width=\"1400\" height=\"1400\" src=\"https:\/\/www.drecords.de\/wp-content\/uploads\/dymond-records2-min.jpg\" alt=\"\" class=\"wp-image-155\" srcset=\"https:\/\/www.drecords.de\/wp-content\/uploads\/dymond-records2-min.jpg 1400w, https:\/\/www.drecords.de\/wp-content\/uploads\/dymond-records2-min-600x600.jpg 600w, https:\/\/www.drecords.de\/wp-content\/uploads\/dymond-records2-min-150x150.jpg 150w, https:\/\/www.drecords.de\/wp-content\/uploads\/dymond-records2-min-768x768.jpg 768w\" sizes=\"(max-width: 1400px) 100vw, 1400px\" \/><\/figure>\n\n\n\n<p class=\"has-text-align-center\">Niederl\u00e4ndische Urban<\/p>\n<\/div>\n<\/div>\n\n\n\n<div class=\"wp-block-columns is-layout-flex wp-container-core-columns-is-layout-9d6595d7 wp-block-columns-is-layout-flex\">\n<div class=\"wp-block-column is-layout-flow wp-block-column-is-layout-flow\">\n<figure class=\"wp-block-image size-full\"><img loading=\"lazy\" decoding=\"async\" width=\"1400\" height=\"1400\" src=\"https:\/\/www.drecords.de\/wp-content\/uploads\/D-Core-Logo-New2.jpg\" alt=\"\" class=\"wp-image-156\" srcset=\"https:\/\/www.drecords.de\/wp-content\/uploads\/D-Core-Logo-New2.jpg 1400w, https:\/\/www.drecords.de\/wp-content\/uploads\/D-Core-Logo-New2-600x600.jpg 600w, https:\/\/www.drecords.de\/wp-content\/uploads\/D-Core-Logo-New2-150x150.jpg 150w, https:\/\/www.drecords.de\/wp-content\/uploads\/D-Core-Logo-New2-768x768.jpg 768w\" sizes=\"(max-width: 1400px) 100vw, 1400px\" \/><\/figure>\n\n\n\n<p class=\"has-text-align-center\">Elektronische Tanz Musik<\/p>\n<\/div>\n\n\n\n<div class=\"wp-block-column is-layout-flow wp-block-column-is-layout-flow\">\n<figure class=\"wp-block-image size-full\"><img loading=\"lazy\" decoding=\"async\" width=\"1400\" height=\"1400\" src=\"https:\/\/www.drecords.de\/wp-content\/uploads\/Hot-Tracks-Records.jpg\" alt=\"\" class=\"wp-image-157\" srcset=\"https:\/\/www.drecords.de\/wp-content\/uploads\/Hot-Tracks-Records.jpg 1400w, https:\/\/www.drecords.de\/wp-content\/uploads\/Hot-Tracks-Records-600x600.jpg 600w, https:\/\/www.drecords.de\/wp-content\/uploads\/Hot-Tracks-Records-150x150.jpg 150w, https:\/\/www.drecords.de\/wp-content\/uploads\/Hot-Tracks-Records-768x768.jpg 768w\" sizes=\"(max-width: 1400px) 100vw, 1400px\" \/><\/figure>\n\n\n\n<p class=\"has-text-align-center\">Country &amp; Trucker Songs<\/p>\n<\/div>\n<\/div>\n\n\n\n<div class=\"wp-block-columns is-layout-flex wp-container-core-columns-is-layout-9d6595d7 wp-block-columns-is-layout-flex\">\n<div class=\"wp-block-column is-layout-flow wp-block-column-is-layout-flow\">\n<figure class=\"wp-block-image size-full\"><img loading=\"lazy\" decoding=\"async\" width=\"1400\" height=\"1400\" src=\"https:\/\/www.drecords.de\/wp-content\/uploads\/lux-logo-4-2-min.jpg\" alt=\"\" class=\"wp-image-158\" srcset=\"https:\/\/www.drecords.de\/wp-content\/uploads\/lux-logo-4-2-min.jpg 1400w, https:\/\/www.drecords.de\/wp-content\/uploads\/lux-logo-4-2-min-600x600.jpg 600w, https:\/\/www.drecords.de\/wp-content\/uploads\/lux-logo-4-2-min-150x150.jpg 150w, https:\/\/www.drecords.de\/wp-content\/uploads\/lux-logo-4-2-min-768x768.jpg 768w\" sizes=\"(max-width: 1400px) 100vw, 1400px\" \/><\/figure>\n\n\n\n<p class=\"has-text-align-center\">Alle Musik Stile <sup><em>(koll&#8217;bs)<\/em><\/sup><\/p>\n<\/div>\n\n\n\n<div class=\"wp-block-column is-layout-flow wp-block-column-is-layout-flow\">\n<figure class=\"wp-block-image size-large\"><img loading=\"lazy\" decoding=\"async\" width=\"3000\" height=\"3000\" src=\"https:\/\/www.drecords.de\/wp-content\/uploads\/Limbo-Power_Records-3000x3000.jpg\" alt=\"\" class=\"wp-image-159\" srcset=\"https:\/\/www.drecords.de\/wp-content\/uploads\/Limbo-Power_Records-3000x3000.jpg 3000w, https:\/\/www.drecords.de\/wp-content\/uploads\/Limbo-Power_Records-600x600.jpg 600w, https:\/\/www.drecords.de\/wp-content\/uploads\/Limbo-Power_Records-150x150.jpg 150w, https:\/\/www.drecords.de\/wp-content\/uploads\/Limbo-Power_Records-768x768.jpg 768w, https:\/\/www.drecords.de\/wp-content\/uploads\/Limbo-Power_Records-1536x1536.jpg 1536w, https:\/\/www.drecords.de\/wp-content\/uploads\/Limbo-Power_Records-2048x2048.jpg 2048w\" sizes=\"(max-width: 3000px) 100vw, 3000px\" \/><\/figure>\n\n\n\n<p class=\"has-text-align-center\">Party Music \/ Schlagers<\/p>\n<\/div>\n<\/div>\n\n\n\n<div class=\"wp-block-columns is-layout-flex wp-container-core-columns-is-layout-9d6595d7 wp-block-columns-is-layout-flex\">\n<div class=\"wp-block-column is-layout-flow wp-block-column-is-layout-flow\">\n<figure class=\"wp-block-image size-full\"><img loading=\"lazy\" decoding=\"async\" width=\"512\" height=\"512\" src=\"https:\/\/www.drecords.de\/wp-content\/uploads\/cropped-cropped-D-Records-1400.jpg\" alt=\"\" class=\"wp-image-257\" srcset=\"https:\/\/www.drecords.de\/wp-content\/uploads\/cropped-cropped-D-Records-1400.jpg 512w, https:\/\/www.drecords.de\/wp-content\/uploads\/cropped-cropped-D-Records-1400-150x150.jpg 150w, https:\/\/www.drecords.de\/wp-content\/uploads\/cropped-cropped-D-Records-1400-270x270.jpg 270w, https:\/\/www.drecords.de\/wp-content\/uploads\/cropped-cropped-D-Records-1400-192x192.jpg 192w, https:\/\/www.drecords.de\/wp-content\/uploads\/cropped-cropped-D-Records-1400-180x180.jpg 180w, https:\/\/www.drecords.de\/wp-content\/uploads\/cropped-cropped-D-Records-1400-32x32.jpg 32w\" sizes=\"(max-width: 512px) 100vw, 512px\" \/><\/figure>\n\n\n\n<p>Beste Deutsche Musik <\/p>\n<\/div>\n\n\n\n<div class=\"wp-block-column is-layout-flow wp-block-column-is-layout-flow\">\n<figure class=\"wp-block-image size-full\"><img loading=\"lazy\" decoding=\"async\" width=\"1800\" height=\"1800\" src=\"https:\/\/www.drecords.de\/wp-content\/uploads\/blanco.jpg\" alt=\"\" class=\"wp-image-263\" srcset=\"https:\/\/www.drecords.de\/wp-content\/uploads\/blanco.jpg 1800w, https:\/\/www.drecords.de\/wp-content\/uploads\/blanco-600x600.jpg 600w, https:\/\/www.drecords.de\/wp-content\/uploads\/blanco-150x150.jpg 150w, https:\/\/www.drecords.de\/wp-content\/uploads\/blanco-768x768.jpg 768w, https:\/\/www.drecords.de\/wp-content\/uploads\/blanco-1536x1536.jpg 1536w\" sizes=\"(max-width: 1800px) 100vw, 1800px\" \/><\/figure>\n\n\n\n<p> <\/p>\n<\/div>\n<\/div>\n\n\n\n<p><\/p>\n\n\n\n<div class=\"wp-block-columns is-layout-flex wp-container-core-columns-is-layout-9d6595d7 wp-block-columns-is-layout-flex\">\n<div class=\"wp-block-column is-layout-flow wp-block-column-is-layout-flow\">\n<h4 class=\"wp-block-heading has-text-align-center\">F\u00fcr Unabh\u00e4ngige K\u00fcnstler<\/h4>\n<\/div>\n\n\n\n<div class=\"wp-block-column is-layout-flow wp-block-column-is-layout-flow\">\n<h4 class=\"wp-block-heading has-text-align-center\">Publishing Company<br><em>(Verlag)<\/em><\/h4>\n<\/div>\n<\/div>\n\n\n\n<div class=\"wp-block-columns is-layout-flex wp-container-core-columns-is-layout-9d6595d7 wp-block-columns-is-layout-flex\">\n<div class=\"wp-block-column is-layout-flow wp-block-column-is-layout-flow\">\n<figure class=\"wp-block-image size-large\"><img loading=\"lazy\" decoding=\"async\" width=\"3000\" height=\"3000\" src=\"https:\/\/www.drecords.de\/wp-content\/uploads\/S-Music-Records--3000x3000.png\" alt=\"\" class=\"wp-image-160\" srcset=\"https:\/\/www.drecords.de\/wp-content\/uploads\/S-Music-Records--3000x3000.png 3000w, https:\/\/www.drecords.de\/wp-content\/uploads\/S-Music-Records--600x600.png 600w, https:\/\/www.drecords.de\/wp-content\/uploads\/S-Music-Records--150x150.png 150w, https:\/\/www.drecords.de\/wp-content\/uploads\/S-Music-Records--768x768.png 768w, https:\/\/www.drecords.de\/wp-content\/uploads\/S-Music-Records--1536x1536.png 1536w, https:\/\/www.drecords.de\/wp-content\/uploads\/S-Music-Records--2048x2048.png 2048w\" sizes=\"(max-width: 3000px) 100vw, 3000px\" \/><\/figure>\n<\/div>\n\n\n\n<div class=\"wp-block-column is-layout-flow wp-block-column-is-layout-flow\">\n<figure class=\"wp-block-image size-large\"><img loading=\"lazy\" decoding=\"async\" width=\"3000\" height=\"3000\" src=\"https:\/\/www.drecords.de\/wp-content\/uploads\/s-publishing-new2-3000x3000.png\" alt=\"\" class=\"wp-image-161\" srcset=\"https:\/\/www.drecords.de\/wp-content\/uploads\/s-publishing-new2-3000x3000.png 3000w, https:\/\/www.drecords.de\/wp-content\/uploads\/s-publishing-new2-600x600.png 600w, https:\/\/www.drecords.de\/wp-content\/uploads\/s-publishing-new2-150x150.png 150w, https:\/\/www.drecords.de\/wp-content\/uploads\/s-publishing-new2-768x768.png 768w, https:\/\/www.drecords.de\/wp-content\/uploads\/s-publishing-new2-1536x1536.png 1536w, https:\/\/www.drecords.de\/wp-content\/uploads\/s-publishing-new2-2048x2048.png 2048w\" sizes=\"(max-width: 3000px) 100vw, 3000px\" \/><\/figure>\n<\/div>\n<\/div>\n<\/div>\n\n\n\n<div class=\"wp-block-column is-layout-flow wp-block-column-is-layout-flow\" style=\"flex-basis:25%\">\n<p><\/p>\n<\/div>\n<\/div>\n\n\n\n<div class=\"wp-block-columns is-layout-flex wp-container-core-columns-is-layout-9d6595d7 wp-block-columns-is-layout-flex\">\n<div class=\"wp-block-column is-layout-flow wp-block-column-is-layout-flow\" style=\"flex-basis:25%\">\n<p><\/p>\n<\/div>\n\n\n\n<div class=\"wp-block-column is-layout-flow wp-block-column-is-layout-flow\" style=\"flex-basis:50%\">\n<ul class=\"wp-block-list\">\n<li>S-Records<em> (alle Musik Genres)<\/em><\/li>\n\n\n\n<li>S-Rock Records<em> (Alle Stile Der Rock Musik)<\/em><\/li>\n\n\n\n<li>S-Urban Records <em>(Alle Urban-Stile, wie Hip-Hop, Rap, R&amp;B, Reggae(Ton), Latin usw.)<\/em><\/li>\n\n\n\n<li>Dymond Records<em> (Alle Stile Des Dutch Urban)<\/em><\/li>\n\n\n\n<li>D-Core Records <em>(Von Dance Bis Hardcore Und Alle Elektronische Musik Dazwischen)<\/em><\/li>\n\n\n\n<li>Hot-Tracks Records <em>(Country &amp; Folk)<\/em><\/li>\n\n\n\n<li>Lux Records <em>(Alle Genres, Meist Mit Kollaborateuren)<\/em><\/li>\n\n\n\n<li>Limbo-Power Records <em>(Alle Genres, Partymusik, Apr\u00e8s-Ski, Schlager, Tirol, Akkordeon, Mundharmonika, etc.)<\/em>\n<ul class=\"wp-block-list\">\n<li><\/li>\n<\/ul>\n<\/li>\n\n\n\n<li>D-Records <em>(Deutschlands Beste Musik)<\/em><\/li>\n\n\n\n<li><em>S-Music Records (F\u00fcr Unabh\u00e4ngige K\u00fcnstler)<\/em><\/li>\n<\/ul>\n<\/div>\n\n\n\n<div class=\"wp-block-column is-layout-flow wp-block-column-is-layout-flow\" style=\"flex-basis:25%\">\n<p><\/p>\n<\/div>\n<\/div>\n\n\n\n\n\n<div class=\"wp-block-columns is-layout-flex wp-container-core-columns-is-layout-9d6595d7 wp-block-columns-is-layout-flex\">\n<div class=\"wp-block-column is-layout-flow wp-block-column-is-layout-flow\" style=\"flex-basis:25%\">\n<p><\/p>\n<\/div>\n\n\n\n<div class=\"wp-block-column is-layout-flow wp-block-column-is-layout-flow\" style=\"flex-basis:50%\">\n<h2 class=\"wp-block-heading\">Buchungen:<\/h2>\n\n\n\n<p>Suche nach ALLEN K\u00fcnstlern, Duos, Trios, Quartetten, Gruppen, Orchestern, Bands, Acts, DJs&#8230;<br>International, National, Bundesstaatlich, Regional, Lokal, Ans\u00e4ssig, Nicht Exklusiv Und Exklusiv!<br>Eigene K\u00fcnstler Und ALLE Anderen K\u00fcnstler!<\/p>\n\n\n\n<div class=\"wp-block-columns is-layout-flex wp-container-core-columns-is-layout-9d6595d7 wp-block-columns-is-layout-flex\">\n<div class=\"wp-block-column is-layout-flow wp-block-column-is-layout-flow\">\n<figure class=\"wp-block-image size-full\"><a href=\"https:\/\/www.sbookings.de\" target=\"_blank\" rel=\" noreferrer noopener\"><img loading=\"lazy\" decoding=\"async\" width=\"851\" height=\"315\" src=\"https:\/\/www.drecords.de\/wp-content\/uploads\/sbookings.de_.jpg\" alt=\"\" class=\"wp-image-265\" srcset=\"https:\/\/www.drecords.de\/wp-content\/uploads\/sbookings.de_.jpg 851w, https:\/\/www.drecords.de\/wp-content\/uploads\/sbookings.de_-600x222.jpg 600w, https:\/\/www.drecords.de\/wp-content\/uploads\/sbookings.de_-768x284.jpg 768w\" sizes=\"(max-width: 851px) 100vw, 851px\" \/><\/a><\/figure>\n<\/div>\n\n\n\n<div class=\"wp-block-column is-layout-flow wp-block-column-is-layout-flow\">\n<figure class=\"wp-block-image size-full\"><a href=\"https:\/\/www.sbookings.eu\" target=\"_blank\" rel=\" noreferrer noopener\"><img loading=\"lazy\" decoding=\"async\" width=\"851\" height=\"315\" src=\"https:\/\/www.drecords.de\/wp-content\/uploads\/2025\/08\/sbookings.eu_.jpg\" alt=\"\" class=\"wp-image-105\" srcset=\"https:\/\/www.drecords.de\/wp-content\/uploads\/2025\/08\/sbookings.eu_.jpg 851w, https:\/\/www.drecords.de\/wp-content\/uploads\/2025\/08\/sbookings.eu_-300x111.jpg 300w, https:\/\/www.drecords.de\/wp-content\/uploads\/2025\/08\/sbookings.eu_-768x284.jpg 768w\" sizes=\"(max-width: 851px) 100vw, 851px\" \/><\/a><\/figure>\n<\/div>\n<\/div>\n\n\n\n<div class=\"wp-block-columns is-layout-flex wp-container-core-columns-is-layout-9d6595d7 wp-block-columns-is-layout-flex\">\n<div class=\"wp-block-column is-layout-flow wp-block-column-is-layout-flow\">\n<figure class=\"wp-block-image size-full\"><a href=\"https:\/\/www.sbookings.nl\" target=\"_blank\" rel=\" noreferrer noopener\"><img loading=\"lazy\" decoding=\"async\" width=\"400\" height=\"148\" src=\"https:\/\/www.drecords.de\/wp-content\/uploads\/2025\/08\/sbookings.nl-email.jpg\" alt=\"\" class=\"wp-image-103\" srcset=\"https:\/\/www.drecords.de\/wp-content\/uploads\/2025\/08\/sbookings.nl-email.jpg 400w, https:\/\/www.drecords.de\/wp-content\/uploads\/2025\/08\/sbookings.nl-email-300x111.jpg 300w\" sizes=\"(max-width: 400px) 100vw, 400px\" \/><\/a><\/figure>\n<\/div>\n\n\n\n<div class=\"wp-block-column is-layout-flow wp-block-column-is-layout-flow\">\n<figure class=\"wp-block-image size-full\"><a href=\"https:\/\/www.sbookings.be\" target=\"_blank\" rel=\" noreferrer noopener\"><img loading=\"lazy\" decoding=\"async\" width=\"400\" height=\"148\" src=\"https:\/\/www.drecords.de\/wp-content\/uploads\/2025\/08\/sbookings.be-email-.jpg\" alt=\"\" class=\"wp-image-104\" srcset=\"https:\/\/www.drecords.de\/wp-content\/uploads\/2025\/08\/sbookings.be-email-.jpg 400w, https:\/\/www.drecords.de\/wp-content\/uploads\/2025\/08\/sbookings.be-email--300x111.jpg 300w\" sizes=\"(max-width: 400px) 100vw, 400px\" \/><\/a><\/figure>\n<\/div>\n<\/div>\n<\/div>\n\n\n\n<div class=\"wp-block-column is-layout-flow wp-block-column-is-layout-flow\" style=\"flex-basis:25%\">\n<p><\/p>\n<\/div>\n<\/div>\n\n\n\n<p><\/p>\n\n\n\n\n\n<p><\/p>\n\n\n\n\n\n<h3>Unsere neuesten Ver\u00f6ffentlichungen<\/h3>\n\n\n\n\n\n\n\n\n\n\n\n<h5>Fair zur Wahl<\/h5>\n\n\n\n<h3>Expertenempfehlung<\/h3>\n\n\n\n\n\n<p><\/p>\n","protected":false},"excerpt":{"rendered":"<p>ALLE UNSERE EIGENEN 9 PLATTENFIRMEN Alle Musik Genres Alle Stile Der Rock Musik Alle Stile D&#8217;r Urban Musik Niederl\u00e4ndische Urban Elektronische Tanz Musik Country &amp; Trucker Songs Alle Musik Stile (koll&#8217;bs) Party Music \/ Schlagers Beste Deutsche Musik F\u00fcr Unabh\u00e4ngige K\u00fcnstler Publishing Company(Verlag) Buchungen: Suche nach ALLEN K\u00fcnstlern, Duos, Trios, Quartetten, Gruppen, Orchestern, Bands, Acts, [&hellip;]<\/p>\n","protected":false},"author":1,"featured_media":0,"parent":0,"menu_order":0,"comment_status":"closed","ping_status":"closed","template":"","meta":{"pagelayer_contact_templates":[],"_pagelayer_content":"","footnotes":""},"class_list":["post-54","page","type-page","status-publish","hentry"],"_links":{"self":[{"href":"https:\/\/www.drecords.de\/index.php?rest_route=\/wp\/v2\/pages\/54","targetHints":{"allow":["GET"]}}],"collection":[{"href":"https:\/\/www.drecords.de\/index.php?rest_route=\/wp\/v2\/pages"}],"about":[{"href":"https:\/\/www.drecords.de\/index.php?rest_route=\/wp\/v2\/types\/page"}],"author":[{"embeddable":true,"href":"https:\/\/www.drecords.de\/index.php?rest_route=\/wp\/v2\/users\/1"}],"replies":[{"embeddable":true,"href":"https:\/\/www.drecords.de\/index.php?rest_route=%2Fwp%2Fv2%2Fcomments&post=54"}],"version-history":[{"count":16,"href":"https:\/\/www.drecords.de\/index.php?rest_route=\/wp\/v2\/pages\/54\/revisions"}],"predecessor-version":[{"id":266,"href":"https:\/\/www.drecords.de\/index.php?rest_route=\/wp\/v2\/pages\/54\/revisions\/266"}],"wp:attachment":[{"href":"https:\/\/www.drecords.de\/index.php?rest_route=%2Fwp%2Fv2%2Fmedia&parent=54"}],"curies":[{"name":"wp","href":"https:\/\/api.w.org\/{rel}","templated":true}]}}